{"id":11,"date":"2020-08-30T01:32:59","date_gmt":"2020-08-29T22:32:59","guid":{"rendered":"http:\/\/localhost:8888\/Eksenim%20Medikal\/?page_id=11"},"modified":"2020-11-25T23:06:45","modified_gmt":"2020-11-25T20:06:45","slug":"hakkimizda","status":"publish","type":"page","link":"http:\/\/eksenimmedikal.com.tr\/index.php\/hakkimizda\/","title":{"rendered":"Hakk\u0131m\u0131zda"},"content":{"rendered":"\t\t<div data-elementor-type=\"wp-page\" data-elementor-id=\"11\" class=\"elementor elementor-11\">\n\t\t\t\t\t\t<div class=\"elementor-inner\">\n\t\t\t\t<div class=\"elementor-section-wrap\">\n\t\t\t\t\t\t\t\t\t<section class=\"elementor-section elementor-top-section elementor-element elementor-element-8b81c4a elementor-section-boxed elementor-section-height-default elementor-section-height-default\" data-id=\"8b81c4a\" data-element_type=\"section\">\n\t\t\t\t\t\t<div class=\"elementor-container elementor-column-gap-default\">\n\t\t\t\t\t\t\t<div class=\"elementor-row\">\n\t\t\t\t\t<div class=\"elementor-column elementor-col-100 elementor-top-column elementor-element elementor-element-94292c4\" data-id=\"94292c4\" data-element_type=\"column\">\n\t\t\t<div class=\"elementor-column-wrap elementor-element-populated\">\n\t\t\t\t\t\t\t<div class=\"elementor-widget-wrap\">\n\t\t\t\t\t\t<div class=\"elementor-element elementor-element-bb69801 elementor-widget elementor-widget-spacer\" data-id=\"bb69801\" data-element_type=\"widget\" data-widget_type=\"spacer.default\">\n\t\t\t\t<div class=\"elementor-widget-container\">\n\t\t\t\t\t<div class=\"elementor-spacer\">\n\t\t\t<div class=\"elementor-spacer-inner\"><\/div>\n\t\t<\/div>\n\t\t\t\t<\/div>\n\t\t\t\t<\/div>\n\t\t\t\t\t\t<\/div>\n\t\t\t\t\t<\/div>\n\t\t<\/div>\n\t\t\t\t\t\t\t\t<\/div>\n\t\t\t\t\t<\/div>\n\t\t<\/section>\n\t\t\t\t<section class=\"elementor-section elementor-top-section elementor-element elementor-element-111d1c4 elementor-section-boxed elementor-section-height-default elementor-section-height-default\" data-id=\"111d1c4\" data-element_type=\"section\">\n\t\t\t\t\t\t<div class=\"elementor-container elementor-column-gap-default\">\n\t\t\t\t\t\t\t<div class=\"elementor-row\">\n\t\t\t\t\t<div class=\"elementor-column elementor-col-100 elementor-top-column elementor-element elementor-element-c1453a5\" data-id=\"c1453a5\" data-element_type=\"column\">\n\t\t\t<div class=\"elementor-column-wrap elementor-element-populated\">\n\t\t\t\t\t\t\t<div class=\"elementor-widget-wrap\">\n\t\t\t\t\t\t<div class=\"elementor-element elementor-element-8dffd31 animated-fast elementor-invisible elementor-widget elementor-widget-heading\" data-id=\"8dffd31\" data-element_type=\"widget\" data-settings=\"{&quot;_animation&quot;:&quot;fadeInLeft&quot;,&quot;_animation_delay&quot;:0}\" data-widget_type=\"heading.default\">\n\t\t\t\t<div class=\"elementor-widget-container\">\n\t\t\t<h2 class=\"elementor-heading-title elementor-size-default\">Hakk\u0131m\u0131zda<\/h2>\t\t<\/div>\n\t\t\t\t<\/div>\n\t\t\t\t\t\t<\/div>\n\t\t\t\t\t<\/div>\n\t\t<\/div>\n\t\t\t\t\t\t\t\t<\/div>\n\t\t\t\t\t<\/div>\n\t\t<\/section>\n\t\t\t\t<section class=\"elementor-section elementor-top-section elementor-element elementor-element-64598da elementor-section-boxed elementor-section-height-default elementor-section-height-default\" data-id=\"64598da\" data-element_type=\"section\">\n\t\t\t\t\t\t<div class=\"elementor-container elementor-column-gap-default\">\n\t\t\t\t\t\t\t<div class=\"elementor-row\">\n\t\t\t\t\t<div class=\"elementor-column elementor-col-100 elementor-top-column elementor-element elementor-element-6918ff0\" data-id=\"6918ff0\" data-element_type=\"column\">\n\t\t\t<div class=\"elementor-column-wrap elementor-element-populated\">\n\t\t\t\t\t\t\t<div class=\"elementor-widget-wrap\">\n\t\t\t\t\t\t<div class=\"elementor-element elementor-element-c51a203 elementor-widget elementor-widget-text-editor\" data-id=\"c51a203\" data-element_type=\"widget\" data-widget_type=\"text-editor.default\">\n\t\t\t\t<div class=\"elementor-widget-container\">\n\t\t\t\t\t\t\t\t<div class=\"elementor-text-editor elementor-clearfix\">\n\t\t\t\t<p>Eksenim T\u0131bbi Malzeme Medikal , \u0130thalat,\u0130hracat,San,Tic.Ltd.\u015eti.Her zaman kaliteyi \u00f6n planda tutan , teknolojik geli\u015fmelere a\u00e7\u0131k yap\u0131s\u0131 ve profesyonel kadrosuyla 2006 y\u0131l\u0131ndan bu yana faaliyet g\u00f6steren bir t\u0131bbi cihaz \u015firketidir.<\/p><p>\u015eirketimizin merkezi Adana&#8217;da bulunmaktad\u0131r.Yurt i\u00e7inde Kamu,\u00dcniversite ve \u00d6zel Hastanelerde t\u00fcm cerrahi bran\u015flara T\u0131bbi malzeme ve klinik destek hizmeti vermekteyiz.<\/p><p>\u015eirketimizin ilkesi ; M\u00fc\u015fterilerine en k\u0131sa. zamanda uygun fiyatlarla en iyi kaliteyi sunmakt\u0131r.<\/p><p>Her ge\u00e7en g\u00fcn \u00fcr\u00fcn portf\u00f6y\u00fcne yenilerini ekleyerek hizmet alan\u0131n\u0131 geni\u015fletmektedir.<\/p><p>\u015eirketimiz b\u00fct\u00fcn faaliyet \u00a0alanlar\u0131nda kalite bilincinin fark\u0131nda olarak,Toplam Kalite Y\u00f6netimi&#8217;ni ya\u015fam \u015fekli olarak benimsemi\u015f ve &#8221;\u00d6nce \u0130nsan ve \u0130nsan Sa\u011fl\u0131\u011f\u0131&#8221;\u0130lkesinin gerekliliklerini yerine getirmektedir.<\/p><p><strong>Kalite Hedeflerimiz ;<\/strong><\/p><p>Topluma ve \u00e7evreye kar\u015f\u0131 sorumluluklar\u0131n\u0131n bilincinde , teknoloji ve kalite anlay\u0131\u015f\u0131 a\u00e7\u0131s\u0131ndan sekt\u00f6r\u00fcnde \u00f6nc\u00fc bir kurulu\u015f olmaktad\u0131r.Temsilcisi oldu\u011fumuz y\u00fcksek kaliteli \u00fcr\u00fcnlerle yurt i\u00e7i pazar\u0131nda s\u00fcrekli m\u00fc\u015fteri memnuniyeti sa\u011flayarak \u00fclke ekonomisine \u00f6nemli katk\u0131larda bulunmaktad\u0131r.<\/p>\t\t\t\t\t<\/div>\n\t\t\t\t\t\t<\/div>\n\t\t\t\t<\/div>\n\t\t\t\t\t\t<\/div>\n\t\t\t\t\t<\/div>\n\t\t<\/div>\n\t\t\t\t\t\t\t\t<\/div>\n\t\t\t\t\t<\/div>\n\t\t<\/section>\n\t\t\t\t<section class=\"elementor-section elementor-top-section elementor-element elementor-element-ccbc601 elementor-section-boxed elementor-section-height-default elementor-section-height-default\" data-id=\"ccbc601\" data-element_type=\"section\">\n\t\t\t\t\t\t<div class=\"elementor-container elementor-column-gap-default\">\n\t\t\t\t\t\t\t<div class=\"elementor-row\">\n\t\t\t\t\t<div class=\"elementor-column elementor-col-100 elementor-top-column elementor-element elementor-element-297927e\" data-id=\"297927e\" data-element_type=\"column\">\n\t\t\t<div class=\"elementor-column-wrap elementor-element-populated\">\n\t\t\t\t\t\t\t<div class=\"elementor-widget-wrap\">\n\t\t\t\t\t\t<div class=\"elementor-element elementor-element-7bd33eb elementor-shape-rounded elementor-grid-0 e-grid-align-center elementor-widget elementor-widget-social-icons\" data-id=\"7bd33eb\" data-element_type=\"widget\" data-widget_type=\"social-icons.default\">\n\t\t\t\t<div class=\"elementor-widget-container\">\n\t\t\t\t\t<div class=\"elementor-social-icons-wrapper elementor-grid\">\n\t\t\t\t\t\t\t<span class=\"elementor-grid-item\">\n\t\t\t\t\t<a class=\"elementor-icon elementor-social-icon elementor-social-icon-facebook elementor-animation-pop elementor-repeater-item-e0a25df\" target=\"_blank\">\n\t\t\t\t\t\t<span class=\"elementor-screen-only\">Facebook<\/span>\n\t\t\t\t\t\t<i class=\"fab fa-facebook\"><\/i>\t\t\t\t\t<\/a>\n\t\t\t\t<\/span>\n\t\t\t\t\t\t\t<span class=\"elementor-grid-item\">\n\t\t\t\t\t<a class=\"elementor-icon elementor-social-icon elementor-social-icon-twitter elementor-animation-pop elementor-repeater-item-191a085\" target=\"_blank\">\n\t\t\t\t\t\t<span class=\"elementor-screen-only\">Twitter<\/span>\n\t\t\t\t\t\t<i class=\"fab fa-twitter\"><\/i>\t\t\t\t\t<\/a>\n\t\t\t\t<\/span>\n\t\t\t\t\t\t\t<span class=\"elementor-grid-item\">\n\t\t\t\t\t<a class=\"elementor-icon elementor-social-icon elementor-social-icon-youtube elementor-animation-pop elementor-repeater-item-28e221e\" target=\"_blank\">\n\t\t\t\t\t\t<span class=\"elementor-screen-only\">Youtube<\/span>\n\t\t\t\t\t\t<i class=\"fab fa-youtube\"><\/i>\t\t\t\t\t<\/a>\n\t\t\t\t<\/span>\n\t\t\t\t\t\t\t<span class=\"elementor-grid-item\">\n\t\t\t\t\t<a class=\"elementor-icon elementor-social-icon elementor-social-icon-instagram elementor-animation-pop elementor-repeater-item-12ca252\" target=\"_blank\">\n\t\t\t\t\t\t<span class=\"elementor-screen-only\">Instagram<\/span>\n\t\t\t\t\t\t<i class=\"fab fa-instagram\"><\/i>\t\t\t\t\t<\/a>\n\t\t\t\t<\/span>\n\t\t\t\t\t\t\t<span class=\"elementor-grid-item\">\n\t\t\t\t\t<a class=\"elementor-icon elementor-social-icon elementor-social-icon-linkedin elementor-animation-pop elementor-repeater-item-2d3c6d1\" target=\"_blank\">\n\t\t\t\t\t\t<span class=\"elementor-screen-only\">Linkedin<\/span>\n\t\t\t\t\t\t<i class=\"fab fa-linkedin\"><\/i>\t\t\t\t\t<\/a>\n\t\t\t\t<\/span>\n\t\t\t\t\t<\/div>\n\t\t\t\t<\/div>\n\t\t\t\t<\/div>\n\t\t\t\t\t\t<\/div>\n\t\t\t\t\t<\/div>\n\t\t<\/div>\n\t\t\t\t\t\t\t\t<\/div>\n\t\t\t\t\t<\/div>\n\t\t<\/section>\n\t\t\t\t\t\t\t\t\t<\/div>\n\t\t\t<\/div>\n\t\t\t\t\t<\/div>\n\t\t","protected":false},"excerpt":{"rendered":"<p class=\"excerpt\">Hakk\u0131m\u0131zda Eksenim T\u0131bbi Malzeme Medikal , \u0130thalat,\u0130hracat,San,Tic.Ltd.\u015eti.Her zaman kaliteyi \u00f6n planda tutan , teknolojik geli\u015fmelere a\u00e7\u0131k yap\u0131s\u0131 ve profesyonel kadrosuyla 2006 y\u0131l\u0131ndan bu yana faaliyet g\u00f6steren bir t\u0131bbi cihaz \u015firketidir. \u015eirketimizin merkezi Adana&#8217;da bulunmaktad\u0131r.Yurt i\u00e7inde Kamu,\u00dcniversite ve \u00d6zel Hastanelerde t\u00fcm cerrahi bran\u015flara T\u0131bbi malzeme ve klinik destek hizmeti vermekteyiz. \u015eirketimizin ilkesi ; M\u00fc\u015fterilerine en k\u0131sa. [&hellip;]<\/p>\n","protected":false},"author":1,"featured_media":0,"parent":0,"menu_order":0,"comment_status":"closed","ping_status":"closed","template":"template-blank.php","meta":{"_vp_format_video_url":"","_vp_image_focal_point":[]},"_links":{"self":[{"href":"http:\/\/eksenimmedikal.com.tr\/index.php\/wp-json\/wp\/v2\/pages\/11"}],"collection":[{"href":"http:\/\/eksenimmedikal.com.tr\/index.php\/wp-json\/wp\/v2\/pages"}],"about":[{"href":"http:\/\/eksenimmedikal.com.tr\/index.php\/wp-json\/wp\/v2\/types\/page"}],"author":[{"embeddable":true,"href":"http:\/\/eksenimmedikal.com.tr\/index.php\/wp-json\/wp\/v2\/users\/1"}],"replies":[{"embeddable":true,"href":"http:\/\/eksenimmedikal.com.tr\/index.php\/wp-json\/wp\/v2\/comments?post=11"}],"version-history":[{"count":17,"href":"http:\/\/eksenimmedikal.com.tr\/index.php\/wp-json\/wp\/v2\/pages\/11\/revisions"}],"predecessor-version":[{"id":375,"href":"http:\/\/eksenimmedikal.com.tr\/index.php\/wp-json\/wp\/v2\/pages\/11\/revisions\/375"}],"wp:attachment":[{"href":"http:\/\/eksenimmedikal.com.tr\/index.php\/wp-json\/wp\/v2\/media?parent=11"}],"curies":[{"name":"wp","href":"https:\/\/api.w.org\/{rel}","templated":true}]}}