{"id":389,"date":"2020-11-25T23:23:49","date_gmt":"2020-11-25T20:23:49","guid":{"rendered":"http:\/\/localhost:8888\/Eksenim%20Medikal\/?page_id=389"},"modified":"2020-12-11T12:53:52","modified_gmt":"2020-12-11T09:53:52","slug":"ortopedi","status":"publish","type":"page","link":"http:\/\/eksenimmedikal.com.tr\/index.php\/ortopedi\/","title":{"rendered":"Ortopedi"},"content":{"rendered":"\t\t<div data-elementor-type=\"wp-page\" data-elementor-id=\"389\" class=\"elementor elementor-389\">\n\t\t\t\t\t\t<div class=\"elementor-inner\">\n\t\t\t\t<div class=\"elementor-section-wrap\">\n\t\t\t\t\t\t\t\t\t<section class=\"elementor-section elementor-top-section elementor-element elementor-element-ce8aa9a elementor-section-boxed elementor-section-height-default elementor-section-height-default\" data-id=\"ce8aa9a\" data-element_type=\"section\">\n\t\t\t\t\t\t<div class=\"elementor-container elementor-column-gap-default\">\n\t\t\t\t\t\t\t<div class=\"elementor-row\">\n\t\t\t\t\t<div class=\"elementor-column elementor-col-33 elementor-top-column elementor-element elementor-element-4490477\" data-id=\"4490477\" data-element_type=\"column\">\n\t\t\t<div class=\"elementor-column-wrap elementor-element-populated\">\n\t\t\t\t\t\t\t<div class=\"elementor-widget-wrap\">\n\t\t\t\t\t\t<div class=\"elementor-element elementor-element-2a8b829 elementor-widget elementor-widget-image\" data-id=\"2a8b829\" data-element_type=\"widget\" data-widget_type=\"image.default\">\n\t\t\t\t<div class=\"elementor-widget-container\">\n\t\t\t\t\t\t\t\t<div class=\"elementor-image\">\n\t\t\t\t\t\t\t\t\t\t\t\t<img decoding=\"async\" width=\"627\" height=\"403\" src=\"http:\/\/eksenimmedikal.com.tr\/wp-content\/uploads\/2020\/11\/Kemik-Grefti.jpg\" class=\"attachment-large size-large wp-image-584\" alt=\"\" loading=\"lazy\" srcset=\"http:\/\/eksenimmedikal.com.tr\/wp-content\/uploads\/2020\/11\/Kemik-Grefti.jpg 627w, http:\/\/eksenimmedikal.com.tr\/wp-content\/uploads\/2020\/11\/Kemik-Grefti-300x193.jpg 300w, http:\/\/eksenimmedikal.com.tr\/wp-content\/uploads\/2020\/11\/Kemik-Grefti-500x321.jpg 500w\" sizes=\"(max-width: 627px) 100vw, 627px\" \/>\t\t\t\t\t\t\t\t\t\t\t\t\t\t<\/div>\n\t\t\t\t\t\t<\/div>\n\t\t\t\t<\/div>\n\t\t\t\t<div class=\"elementor-element elementor-element-fcc1d2c elementor-widget elementor-widget-heading\" data-id=\"fcc1d2c\" data-element_type=\"widget\" data-widget_type=\"heading.default\">\n\t\t\t\t<div class=\"elementor-widget-container\">\n\t\t\t<h2 class=\"elementor-heading-title elementor-size-default\"><a href=\"http:\/\/eksenimmedikal.com.tr\/index.php\/kemik-grefleri\/\">Kemik Greftleri<\/a><\/h2>\t\t<\/div>\n\t\t\t\t<\/div>\n\t\t\t\t\t\t<\/div>\n\t\t\t\t\t<\/div>\n\t\t<\/div>\n\t\t\t\t<div class=\"elementor-column elementor-col-33 elementor-top-column elementor-element elementor-element-d6cb954\" data-id=\"d6cb954\" data-element_type=\"column\">\n\t\t\t<div class=\"elementor-column-wrap elementor-element-populated\">\n\t\t\t\t\t\t\t<div class=\"elementor-widget-wrap\">\n\t\t\t\t\t\t<div class=\"elementor-element elementor-element-b70fb80 elementor-widget elementor-widget-image\" data-id=\"b70fb80\" data-element_type=\"widget\" data-widget_type=\"image.default\">\n\t\t\t\t<div class=\"elementor-widget-container\">\n\t\t\t\t\t\t\t\t<div class=\"elementor-image\">\n\t\t\t\t\t\t\t\t\t\t\t\t<img decoding=\"async\" width=\"605\" height=\"363\" src=\"http:\/\/eksenimmedikal.com.tr\/wp-content\/uploads\/2020\/11\/Radyofrekans.jpg\" class=\"attachment-large size-large wp-image-588\" alt=\"\" loading=\"lazy\" srcset=\"http:\/\/eksenimmedikal.com.tr\/wp-content\/uploads\/2020\/11\/Radyofrekans.jpg 605w, http:\/\/eksenimmedikal.com.tr\/wp-content\/uploads\/2020\/11\/Radyofrekans-300x180.jpg 300w, http:\/\/eksenimmedikal.com.tr\/wp-content\/uploads\/2020\/11\/Radyofrekans-500x300.jpg 500w\" sizes=\"(max-width: 605px) 100vw, 605px\" \/>\t\t\t\t\t\t\t\t\t\t\t\t\t\t<\/div>\n\t\t\t\t\t\t<\/div>\n\t\t\t\t<\/div>\n\t\t\t\t<div class=\"elementor-element elementor-element-702bcfb elementor-widget elementor-widget-heading\" data-id=\"702bcfb\" data-element_type=\"widget\" data-widget_type=\"heading.default\">\n\t\t\t\t<div class=\"elementor-widget-container\">\n\t\t\t<h2 class=\"elementor-heading-title elementor-size-default\"><a href=\"http:\/\/eksenimmedikal.com.tr\/index.php\/radyofrekans\/\">Radyofrekans<\/a><\/h2>\t\t<\/div>\n\t\t\t\t<\/div>\n\t\t\t\t\t\t<\/div>\n\t\t\t\t\t<\/div>\n\t\t<\/div>\n\t\t\t\t<div class=\"elementor-column elementor-col-33 elementor-top-column elementor-element elementor-element-3a044e8\" data-id=\"3a044e8\" data-element_type=\"column\">\n\t\t\t<div class=\"elementor-column-wrap elementor-element-populated\">\n\t\t\t\t\t\t\t<div class=\"elementor-widget-wrap\">\n\t\t\t\t\t\t<div class=\"elementor-element elementor-element-4708546 elementor-widget elementor-widget-image\" data-id=\"4708546\" data-element_type=\"widget\" data-widget_type=\"image.default\">\n\t\t\t\t<div class=\"elementor-widget-container\">\n\t\t\t\t\t\t\t\t<div class=\"elementor-image\">\n\t\t\t\t\t\t\t\t\t\t\t\t<img decoding=\"async\" width=\"1024\" height=\"484\" src=\"http:\/\/eksenimmedikal.com.tr\/wp-content\/uploads\/2020\/11\/eklemici-1024x484.jpg\" class=\"attachment-large size-large wp-image-596\" alt=\"\" loading=\"lazy\" srcset=\"http:\/\/eksenimmedikal.com.tr\/wp-content\/uploads\/2020\/11\/eklemici-1024x484.jpg 1024w, http:\/\/eksenimmedikal.com.tr\/wp-content\/uploads\/2020\/11\/eklemici-300x142.jpg 300w, http:\/\/eksenimmedikal.com.tr\/wp-content\/uploads\/2020\/11\/eklemici-768x363.jpg 768w, http:\/\/eksenimmedikal.com.tr\/wp-content\/uploads\/2020\/11\/eklemici-500x236.jpg 500w, http:\/\/eksenimmedikal.com.tr\/wp-content\/uploads\/2020\/11\/eklemici-800x378.jpg 800w, http:\/\/eksenimmedikal.com.tr\/wp-content\/uploads\/2020\/11\/eklemici.jpg 1080w\" sizes=\"(max-width: 1024px) 100vw, 1024px\" \/>\t\t\t\t\t\t\t\t\t\t\t\t\t\t<\/div>\n\t\t\t\t\t\t<\/div>\n\t\t\t\t<\/div>\n\t\t\t\t<div class=\"elementor-element elementor-element-5503129 elementor-widget elementor-widget-heading\" data-id=\"5503129\" data-element_type=\"widget\" data-widget_type=\"heading.default\">\n\t\t\t\t<div class=\"elementor-widget-container\">\n\t\t\t<h2 class=\"elementor-heading-title elementor-size-default\"><a href=\"http:\/\/eksenimmedikal.com.tr\/index.php\/kifoplasti\/\">Intraartik\u00fcler (Eklem \u0130\u00e7i) Enjeksiyon<\/a><\/h2>\t\t<\/div>\n\t\t\t\t<\/div>\n\t\t\t\t\t\t<\/div>\n\t\t\t\t\t<\/div>\n\t\t<\/div>\n\t\t\t\t\t\t\t\t<\/div>\n\t\t\t\t\t<\/div>\n\t\t<\/section>\n\t\t\t\t<section class=\"elementor-section elementor-top-section elementor-element elementor-element-baa36a8 elementor-section-boxed elementor-section-height-default elementor-section-height-default\" data-id=\"baa36a8\" data-element_type=\"section\">\n\t\t\t\t\t\t<div class=\"elementor-container elementor-column-gap-default\">\n\t\t\t\t\t\t\t<div class=\"elementor-row\">\n\t\t\t\t\t<div class=\"elementor-column elementor-col-100 elementor-top-column elementor-element elementor-element-81eb73e\" data-id=\"81eb73e\" data-element_type=\"column\">\n\t\t\t<div class=\"elementor-column-wrap elementor-element-populated\">\n\t\t\t\t\t\t\t<div class=\"elementor-widget-wrap\">\n\t\t\t\t\t\t<div class=\"elementor-element elementor-element-786dfca elementor-shape-rounded elementor-grid-0 e-grid-align-center elementor-widget elementor-widget-social-icons\" data-id=\"786dfca\" data-element_type=\"widget\" data-widget_type=\"social-icons.default\">\n\t\t\t\t<div class=\"elementor-widget-container\">\n\t\t\t\t\t<div class=\"elementor-social-icons-wrapper elementor-grid\">\n\t\t\t\t\t\t\t<span class=\"elementor-grid-item\">\n\t\t\t\t\t<a class=\"elementor-icon elementor-social-icon elementor-social-icon-facebook elementor-animation-pop elementor-repeater-item-e0a25df\" target=\"_blank\">\n\t\t\t\t\t\t<span class=\"elementor-screen-only\">Facebook<\/span>\n\t\t\t\t\t\t<i class=\"fab fa-facebook\"><\/i>\t\t\t\t\t<\/a>\n\t\t\t\t<\/span>\n\t\t\t\t\t\t\t<span class=\"elementor-grid-item\">\n\t\t\t\t\t<a class=\"elementor-icon elementor-social-icon elementor-social-icon-twitter elementor-animation-pop elementor-repeater-item-191a085\" target=\"_blank\">\n\t\t\t\t\t\t<span class=\"elementor-screen-only\">Twitter<\/span>\n\t\t\t\t\t\t<i class=\"fab fa-twitter\"><\/i>\t\t\t\t\t<\/a>\n\t\t\t\t<\/span>\n\t\t\t\t\t\t\t<span class=\"elementor-grid-item\">\n\t\t\t\t\t<a class=\"elementor-icon elementor-social-icon elementor-social-icon-youtube elementor-animation-pop elementor-repeater-item-28e221e\" target=\"_blank\">\n\t\t\t\t\t\t<span class=\"elementor-screen-only\">Youtube<\/span>\n\t\t\t\t\t\t<i class=\"fab fa-youtube\"><\/i>\t\t\t\t\t<\/a>\n\t\t\t\t<\/span>\n\t\t\t\t\t\t\t<span class=\"elementor-grid-item\">\n\t\t\t\t\t<a class=\"elementor-icon elementor-social-icon elementor-social-icon-instagram elementor-animation-pop elementor-repeater-item-12ca252\" target=\"_blank\">\n\t\t\t\t\t\t<span class=\"elementor-screen-only\">Instagram<\/span>\n\t\t\t\t\t\t<i class=\"fab fa-instagram\"><\/i>\t\t\t\t\t<\/a>\n\t\t\t\t<\/span>\n\t\t\t\t\t\t\t<span class=\"elementor-grid-item\">\n\t\t\t\t\t<a class=\"elementor-icon elementor-social-icon elementor-social-icon-linkedin elementor-animation-pop elementor-repeater-item-2d3c6d1\" target=\"_blank\">\n\t\t\t\t\t\t<span class=\"elementor-screen-only\">Linkedin<\/span>\n\t\t\t\t\t\t<i class=\"fab fa-linkedin\"><\/i>\t\t\t\t\t<\/a>\n\t\t\t\t<\/span>\n\t\t\t\t\t<\/div>\n\t\t\t\t<\/div>\n\t\t\t\t<\/div>\n\t\t\t\t\t\t<\/div>\n\t\t\t\t\t<\/div>\n\t\t<\/div>\n\t\t\t\t\t\t\t\t<\/div>\n\t\t\t\t\t<\/div>\n\t\t<\/section>\n\t\t\t\t\t\t\t\t\t<\/div>\n\t\t\t<\/div>\n\t\t\t\t\t<\/div>\n\t\t","protected":false},"excerpt":{"rendered":"<p class=\"excerpt\">Kemik Greftleri Radyofrekans Intraartik\u00fcler (Eklem \u0130\u00e7i) Enjeksiyon Facebook Twitter Youtube Instagram Linkedin<\/p>\n","protected":false},"author":1,"featured_media":0,"parent":0,"menu_order":0,"comment_status":"closed","ping_status":"closed","template":"","meta":{"_vp_format_video_url":"","_vp_image_focal_point":[]},"_links":{"self":[{"href":"http:\/\/eksenimmedikal.com.tr\/index.php\/wp-json\/wp\/v2\/pages\/389"}],"collection":[{"href":"http:\/\/eksenimmedikal.com.tr\/index.php\/wp-json\/wp\/v2\/pages"}],"about":[{"href":"http:\/\/eksenimmedikal.com.tr\/index.php\/wp-json\/wp\/v2\/types\/page"}],"author":[{"embeddable":true,"href":"http:\/\/eksenimmedikal.com.tr\/index.php\/wp-json\/wp\/v2\/users\/1"}],"replies":[{"embeddable":true,"href":"http:\/\/eksenimmedikal.com.tr\/index.php\/wp-json\/wp\/v2\/comments?post=389"}],"version-history":[{"count":22,"href":"http:\/\/eksenimmedikal.com.tr\/index.php\/wp-json\/wp\/v2\/pages\/389\/revisions"}],"predecessor-version":[{"id":749,"href":"http:\/\/eksenimmedikal.com.tr\/index.php\/wp-json\/wp\/v2\/pages\/389\/revisions\/749"}],"wp:attachment":[{"href":"http:\/\/eksenimmedikal.com.tr\/index.php\/wp-json\/wp\/v2\/media?parent=389"}],"curies":[{"name":"wp","href":"https:\/\/api.w.org\/{rel}","templated":true}]}}