{"id":431,"date":"2020-11-26T01:36:48","date_gmt":"2020-11-25T22:36:48","guid":{"rendered":"http:\/\/localhost:8888\/Eksenim%20Medikal\/?page_id=431"},"modified":"2020-12-07T00:23:06","modified_gmt":"2020-12-06T21:23:06","slug":"dr-cu","status":"publish","type":"page","link":"http:\/\/eksenimmedikal.com.tr\/index.php\/dr-cu\/","title":{"rendered":"Dr.Cu"},"content":{"rendered":"\t\t<div data-elementor-type=\"wp-page\" data-elementor-id=\"431\" class=\"elementor elementor-431\">\n\t\t\t\t\t\t<div class=\"elementor-inner\">\n\t\t\t\t<div class=\"elementor-section-wrap\">\n\t\t\t\t\t\t\t\t\t<section class=\"elementor-section elementor-top-section elementor-element elementor-element-517ec3c elementor-section-boxed elementor-section-height-default elementor-section-height-default\" data-id=\"517ec3c\" data-element_type=\"section\">\n\t\t\t\t\t\t<div class=\"elementor-container elementor-column-gap-default\">\n\t\t\t\t\t\t\t<div class=\"elementor-row\">\n\t\t\t\t\t<div class=\"elementor-column elementor-col-50 elementor-top-column elementor-element elementor-element-de6cc32\" data-id=\"de6cc32\" data-element_type=\"column\">\n\t\t\t<div class=\"elementor-column-wrap elementor-element-populated\">\n\t\t\t\t\t\t\t<div class=\"elementor-widget-wrap\">\n\t\t\t\t\t\t<div class=\"elementor-element elementor-element-0445cd2 elementor-widget elementor-widget-image\" data-id=\"0445cd2\" data-element_type=\"widget\" data-widget_type=\"image.default\">\n\t\t\t\t<div class=\"elementor-widget-container\">\n\t\t\t\t\t\t\t\t<div class=\"elementor-image\">\n\t\t\t\t\t\t\t\t\t\t\t\t<img decoding=\"async\" width=\"1024\" height=\"1024\" src=\"http:\/\/eksenimmedikal.com.tr\/wp-content\/uploads\/2020\/11\/Dr.Cu-Sayfa-1024x1024.jpg\" class=\"attachment-large size-large wp-image-509\" alt=\"\" loading=\"lazy\" srcset=\"http:\/\/eksenimmedikal.com.tr\/wp-content\/uploads\/2020\/11\/Dr.Cu-Sayfa-1024x1024.jpg 1024w, http:\/\/eksenimmedikal.com.tr\/wp-content\/uploads\/2020\/11\/Dr.Cu-Sayfa-300x300.jpg 300w, http:\/\/eksenimmedikal.com.tr\/wp-content\/uploads\/2020\/11\/Dr.Cu-Sayfa-150x150.jpg 150w, http:\/\/eksenimmedikal.com.tr\/wp-content\/uploads\/2020\/11\/Dr.Cu-Sayfa-768x768.jpg 768w, http:\/\/eksenimmedikal.com.tr\/wp-content\/uploads\/2020\/11\/Dr.Cu-Sayfa-500x500.jpg 500w, http:\/\/eksenimmedikal.com.tr\/wp-content\/uploads\/2020\/11\/Dr.Cu-Sayfa-800x800.jpg 800w, http:\/\/eksenimmedikal.com.tr\/wp-content\/uploads\/2020\/11\/Dr.Cu-Sayfa.jpg 1080w\" sizes=\"(max-width: 1024px) 100vw, 1024px\" \/>\t\t\t\t\t\t\t\t\t\t\t\t\t\t<\/div>\n\t\t\t\t\t\t<\/div>\n\t\t\t\t<\/div>\n\t\t\t\t\t\t<\/div>\n\t\t\t\t\t<\/div>\n\t\t<\/div>\n\t\t\t\t<div class=\"elementor-column elementor-col-50 elementor-top-column elementor-element elementor-element-4f02695\" data-id=\"4f02695\" data-element_type=\"column\">\n\t\t\t<div class=\"elementor-column-wrap elementor-element-populated\">\n\t\t\t\t\t\t\t<div class=\"elementor-widget-wrap\">\n\t\t\t\t\t\t<div class=\"elementor-element elementor-element-c3d2628 elementor-tabs-view-horizontal elementor-widget elementor-widget-tabs\" data-id=\"c3d2628\" data-element_type=\"widget\" data-widget_type=\"tabs.default\">\n\t\t\t\t<div class=\"elementor-widget-container\">\n\t\t\t\t\t<div class=\"elementor-tabs\">\n\t\t\t<div class=\"elementor-tabs-wrapper\" role=\"tablist\" >\n\t\t\t\t\t\t\t\t\t<div id=\"elementor-tab-title-2051\" class=\"elementor-tab-title elementor-tab-desktop-title\" aria-selected=\"true\" data-tab=\"1\" role=\"tab\" tabindex=\"0\" aria-controls=\"elementor-tab-content-2051\" aria-expanded=\"false\">\u00dcr\u00fcn Hakk\u0131nda<\/div>\n\t\t\t\t\t\t\t\t\t<div id=\"elementor-tab-title-2052\" class=\"elementor-tab-title elementor-tab-desktop-title\" aria-selected=\"false\" data-tab=\"2\" role=\"tab\" tabindex=\"-1\" aria-controls=\"elementor-tab-content-2052\" aria-expanded=\"false\">Kullan\u0131m Alanlar\u0131<\/div>\n\t\t\t\t\t\t\t<\/div>\n\t\t\t<div class=\"elementor-tabs-content-wrapper\" role=\"tablist\" aria-orientation=\"vertical\">\n\t\t\t\t\t\t\t\t\t<div class=\"elementor-tab-title elementor-tab-mobile-title\" aria-selected=\"true\" data-tab=\"1\" role=\"tab\" tabindex=\"0\" aria-controls=\"elementor-tab-content-2051\" aria-expanded=\"false\">\u00dcr\u00fcn Hakk\u0131nda<\/div>\n\t\t\t\t\t<div id=\"elementor-tab-content-2051\" class=\"elementor-tab-content elementor-clearfix\" data-tab=\"1\" role=\"tabpanel\" aria-labelledby=\"elementor-tab-title-2051\" tabindex=\"0\" hidden=\"false\"><p><strong>Bak\u0131r,Patojenleri nas\u0131l etkisiz hale getirir ?<\/strong><\/p>\n<p><ul><li><span style=\"color: var( --e-global-color-text ); font-family: var( --e-global-typography-text-font-family ), Sans-serif;\">Bak\u0131r insanlar i\u00e7in oldu\u011fu kadar &nbsp;bakteriler &nbsp;i\u00e7inde temel bir besindir,ancak y\u00fcksek dozlarda bak\u0131r iyonlar\u0131, bakteri h\u00fccrelerinde a\u015fa\u011f\u0131dakiler de dahil olmak \u00fczere bir dizi olas\u0131 olumsuz etkile\u015fim olay\u0131na neden olabilir;<\/span><br><\/li><li><span style=\"color: var( --e-global-color-text ); font-family: var( --e-global-typography-text-font-family ), Sans-serif;\">Bakterinin d\u0131\u015f zar\u0131 yoluyla potasyum veya glutamat kaybna neden olur.<\/span><br><\/li><li><span style=\"color: var( --e-global-color-text ); font-family: var( --e-global-typography-text-font-family ), Sans-serif;\">Ozmatik dengeyi bozar.<\/span><br><\/li><li><span style=\"color: var( --e-global-color-text ); font-family: var( --e-global-typography-text-font-family ), Sans-serif;\">Bak\u0131ra ihtiya\u00e7 duymayan proteinlere ba\u011flan\u0131r.<\/span><br><\/li><li><span style=\"color: var( --e-global-color-text ); font-family: var( --e-global-typography-text-font-family ), Sans-serif;\">Hidrojen peroksit \u00fcreterek oksidatif strese ve bakteriyel DNA&#8217;n\u0131n bozulmas\u0131na neden. olur.<\/span><br><\/li><\/ul><\/p>\n\n\n\n\n<p><\/p><\/div>\n\t\t\t\t\t\t\t\t\t<div class=\"elementor-tab-title elementor-tab-mobile-title\" aria-selected=\"false\" data-tab=\"2\" role=\"tab\" tabindex=\"-1\" aria-controls=\"elementor-tab-content-2052\" aria-expanded=\"false\">Kullan\u0131m Alanlar\u0131<\/div>\n\t\t\t\t\t<div id=\"elementor-tab-content-2052\" class=\"elementor-tab-content elementor-clearfix\" data-tab=\"2\" role=\"tabpanel\" aria-labelledby=\"elementor-tab-title-2052\" tabindex=\"0\" hidden=\"hidden\"><p>Temas y\u00fczeyleri i\u00e7in Antimikrobiyal Bak\u0131r film sadece hastanelerde de\u011fil,ayn\u0131 zamanda ;<\/p><ul><li><strong><span style=\"color: var( --e-global-color-text ); font-family: var( --e-global-typography-text-font-family ), Sans-serif;\">Bak\u0131m Evleri<\/span><\/strong><\/li><li><strong><span style=\"color: var( --e-global-color-text ); font-family: var( --e-global-typography-text-font-family ), Sans-serif;\">Kamu Binalar\u0131<\/span><\/strong><\/li><li><strong><span style=\"color: var( --e-global-color-text ); font-family: var( --e-global-typography-text-font-family ), Sans-serif;\">Ambulanslar<\/span><\/strong><\/li><li><strong><span style=\"color: var( --e-global-color-text ); font-family: var( --e-global-typography-text-font-family ), Sans-serif;\">Spor Tesisleri<\/span><\/strong><\/li><li><strong><span style=\"color: var( --e-global-color-text ); font-family: var( --e-global-typography-text-font-family ), Sans-serif;\">Okullar<\/span><\/strong><\/li><li><strong><span style=\"color: var( --e-global-color-text ); font-family: var( --e-global-typography-text-font-family ), Sans-serif;\">Kre\u015fler<\/span><\/strong><\/li><li><strong><span style=\"color: var( --e-global-color-text ); font-family: var( --e-global-typography-text-font-family ), Sans-serif;\">Ofisler<\/span><\/strong><\/li><li><strong><span style=\"color: var( --e-global-color-text ); font-family: var( --e-global-typography-text-font-family ), Sans-serif;\">Kafe &amp; Restaurant<\/span><\/strong><\/li><li><strong><span style=\"color: var( --e-global-color-text ); font-family: var( --e-global-typography-text-font-family ), Sans-serif;\">Toplu Ula\u015f\u0131m Ara\u00e7lar\u0131<\/span><\/strong><\/li><\/ul><p>gibi enfeksiyonlar\u0131n bula\u015fabilece\u011fi di\u011fer bir \u00e7ok alanda kullan\u0131labilir.<\/p><\/div>\n\t\t\t\t\t\t\t<\/div>\n\t\t<\/div>\n\t\t\t\t<\/div>\n\t\t\t\t<\/div>\n\t\t\t\t\t\t<\/div>\n\t\t\t\t\t<\/div>\n\t\t<\/div>\n\t\t\t\t\t\t\t\t<\/div>\n\t\t\t\t\t<\/div>\n\t\t<\/section>\n\t\t\t\t<section class=\"elementor-section elementor-top-section elementor-element elementor-element-943a05f elementor-section-boxed elementor-section-height-default elementor-section-height-default\" data-id=\"943a05f\" data-element_type=\"section\">\n\t\t\t\t\t\t<div class=\"elementor-container elementor-column-gap-default\">\n\t\t\t\t\t\t\t<div class=\"elementor-row\">\n\t\t\t\t\t<div class=\"elementor-column elementor-col-100 elementor-top-column elementor-element elementor-element-fcbcb7f\" data-id=\"fcbcb7f\" data-element_type=\"column\">\n\t\t\t<div class=\"elementor-column-wrap\">\n\t\t\t\t\t\t\t<div class=\"elementor-widget-wrap\">\n\t\t\t\t\t\t\t\t<\/div>\n\t\t\t\t\t<\/div>\n\t\t<\/div>\n\t\t\t\t\t\t\t\t<\/div>\n\t\t\t\t\t<\/div>\n\t\t<\/section>\n\t\t\t\t<section class=\"elementor-section elementor-top-section elementor-element elementor-element-42d46f1 elementor-section-boxed elementor-section-height-default elementor-section-height-default\" data-id=\"42d46f1\" data-element_type=\"section\">\n\t\t\t\t\t\t<div class=\"elementor-container elementor-column-gap-default\">\n\t\t\t\t\t\t\t<div class=\"elementor-row\">\n\t\t\t\t\t<div class=\"elementor-column elementor-col-100 elementor-top-column elementor-element elementor-element-a8ad1e4\" data-id=\"a8ad1e4\" data-element_type=\"column\">\n\t\t\t<div class=\"elementor-column-wrap elementor-element-populated\">\n\t\t\t\t\t\t\t<div class=\"elementor-widget-wrap\">\n\t\t\t\t\t\t<div class=\"elementor-element elementor-element-b3caaf4 elementor-shape-rounded elementor-grid-0 e-grid-align-center elementor-widget elementor-widget-social-icons\" data-id=\"b3caaf4\" data-element_type=\"widget\" data-widget_type=\"social-icons.default\">\n\t\t\t\t<div class=\"elementor-widget-container\">\n\t\t\t\t\t<div class=\"elementor-social-icons-wrapper elementor-grid\">\n\t\t\t\t\t\t\t<span class=\"elementor-grid-item\">\n\t\t\t\t\t<a class=\"elementor-icon elementor-social-icon elementor-social-icon-facebook elementor-animation-pop elementor-repeater-item-e0a25df\" target=\"_blank\">\n\t\t\t\t\t\t<span class=\"elementor-screen-only\">Facebook<\/span>\n\t\t\t\t\t\t<i class=\"fab fa-facebook\"><\/i>\t\t\t\t\t<\/a>\n\t\t\t\t<\/span>\n\t\t\t\t\t\t\t<span class=\"elementor-grid-item\">\n\t\t\t\t\t<a class=\"elementor-icon elementor-social-icon elementor-social-icon-twitter elementor-animation-pop elementor-repeater-item-191a085\" target=\"_blank\">\n\t\t\t\t\t\t<span class=\"elementor-screen-only\">Twitter<\/span>\n\t\t\t\t\t\t<i class=\"fab fa-twitter\"><\/i>\t\t\t\t\t<\/a>\n\t\t\t\t<\/span>\n\t\t\t\t\t\t\t<span class=\"elementor-grid-item\">\n\t\t\t\t\t<a class=\"elementor-icon elementor-social-icon elementor-social-icon-youtube elementor-animation-pop elementor-repeater-item-28e221e\" target=\"_blank\">\n\t\t\t\t\t\t<span class=\"elementor-screen-only\">Youtube<\/span>\n\t\t\t\t\t\t<i class=\"fab fa-youtube\"><\/i>\t\t\t\t\t<\/a>\n\t\t\t\t<\/span>\n\t\t\t\t\t\t\t<span class=\"elementor-grid-item\">\n\t\t\t\t\t<a class=\"elementor-icon elementor-social-icon elementor-social-icon-instagram elementor-animation-pop elementor-repeater-item-12ca252\" target=\"_blank\">\n\t\t\t\t\t\t<span class=\"elementor-screen-only\">Instagram<\/span>\n\t\t\t\t\t\t<i class=\"fab fa-instagram\"><\/i>\t\t\t\t\t<\/a>\n\t\t\t\t<\/span>\n\t\t\t\t\t\t\t<span class=\"elementor-grid-item\">\n\t\t\t\t\t<a class=\"elementor-icon elementor-social-icon elementor-social-icon-linkedin elementor-animation-pop elementor-repeater-item-2d3c6d1\" target=\"_blank\">\n\t\t\t\t\t\t<span class=\"elementor-screen-only\">Linkedin<\/span>\n\t\t\t\t\t\t<i class=\"fab fa-linkedin\"><\/i>\t\t\t\t\t<\/a>\n\t\t\t\t<\/span>\n\t\t\t\t\t<\/div>\n\t\t\t\t<\/div>\n\t\t\t\t<\/div>\n\t\t\t\t\t\t<\/div>\n\t\t\t\t\t<\/div>\n\t\t<\/div>\n\t\t\t\t\t\t\t\t<\/div>\n\t\t\t\t\t<\/div>\n\t\t<\/section>\n\t\t\t\t\t\t\t\t\t<\/div>\n\t\t\t<\/div>\n\t\t\t\t\t<\/div>\n\t\t","protected":false},"excerpt":{"rendered":"<p class=\"excerpt\">\u00dcr\u00fcn Hakk\u0131nda Kullan\u0131m Alanlar\u0131 \u00dcr\u00fcn Hakk\u0131nda Bak\u0131r,Patojenleri nas\u0131l etkisiz hale getirir ? Bak\u0131r insanlar i\u00e7in oldu\u011fu kadar &nbsp;bakteriler &nbsp;i\u00e7inde temel bir besindir,ancak y\u00fcksek dozlarda bak\u0131r iyonlar\u0131, bakteri h\u00fccrelerinde a\u015fa\u011f\u0131dakiler de dahil olmak \u00fczere bir dizi olas\u0131 olumsuz etkile\u015fim olay\u0131na neden olabilir; Bakterinin d\u0131\u015f zar\u0131 yoluyla potasyum veya glutamat kaybna neden olur. Ozmatik dengeyi bozar. Bak\u0131ra [&hellip;]<\/p>\n","protected":false},"author":1,"featured_media":0,"parent":0,"menu_order":0,"comment_status":"closed","ping_status":"closed","template":"","meta":{"_vp_format_video_url":"","_vp_image_focal_point":[]},"_links":{"self":[{"href":"http:\/\/eksenimmedikal.com.tr\/index.php\/wp-json\/wp\/v2\/pages\/431"}],"collection":[{"href":"http:\/\/eksenimmedikal.com.tr\/index.php\/wp-json\/wp\/v2\/pages"}],"about":[{"href":"http:\/\/eksenimmedikal.com.tr\/index.php\/wp-json\/wp\/v2\/types\/page"}],"author":[{"embeddable":true,"href":"http:\/\/eksenimmedikal.com.tr\/index.php\/wp-json\/wp\/v2\/users\/1"}],"replies":[{"embeddable":true,"href":"http:\/\/eksenimmedikal.com.tr\/index.php\/wp-json\/wp\/v2\/comments?post=431"}],"version-history":[{"count":14,"href":"http:\/\/eksenimmedikal.com.tr\/index.php\/wp-json\/wp\/v2\/pages\/431\/revisions"}],"predecessor-version":[{"id":867,"href":"http:\/\/eksenimmedikal.com.tr\/index.php\/wp-json\/wp\/v2\/pages\/431\/revisions\/867"}],"wp:attachment":[{"href":"http:\/\/eksenimmedikal.com.tr\/index.php\/wp-json\/wp\/v2\/media?parent=431"}],"curies":[{"name":"wp","href":"https:\/\/api.w.org\/{rel}","templated":true}]}}