{"id":8,"date":"2020-08-30T01:31:55","date_gmt":"2020-08-29T22:31:55","guid":{"rendered":"http:\/\/localhost:8888\/Eksenim%20Medikal\/?page_id=8"},"modified":"2021-04-22T00:09:58","modified_gmt":"2021-04-21T21:09:58","slug":"anasayfa","status":"publish","type":"page","link":"http:\/\/eksenimmedikal.com.tr\/","title":{"rendered":"Anasayfa"},"content":{"rendered":"\t\t<div data-elementor-type=\"wp-page\" data-elementor-id=\"8\" class=\"elementor elementor-8\">\n\t\t\t\t\t\t<div class=\"elementor-inner\">\n\t\t\t\t<div class=\"elementor-section-wrap\">\n\t\t\t\t\t\t\t\t\t<section class=\"elementor-section elementor-top-section elementor-element elementor-element-3e6fe44 elementor-section-boxed elementor-section-height-default elementor-section-height-default\" data-id=\"3e6fe44\" data-element_type=\"section\">\n\t\t\t\t\t\t<div class=\"elementor-container elementor-column-gap-default\">\n\t\t\t\t\t\t\t<div class=\"elementor-row\">\n\t\t\t\t\t<div class=\"elementor-column elementor-col-100 elementor-top-column elementor-element elementor-element-0fefb97\" data-id=\"0fefb97\" data-element_type=\"column\">\n\t\t\t<div class=\"elementor-column-wrap elementor-element-populated\">\n\t\t\t\t\t\t\t<div class=\"elementor-widget-wrap\">\n\t\t\t\t\t\t<div class=\"elementor-element elementor-element-1335d17 elementor-widget elementor-widget-spacer\" data-id=\"1335d17\" data-element_type=\"widget\" data-widget_type=\"spacer.default\">\n\t\t\t\t<div class=\"elementor-widget-container\">\n\t\t\t\t\t<div class=\"elementor-spacer\">\n\t\t\t<div class=\"elementor-spacer-inner\"><\/div>\n\t\t<\/div>\n\t\t\t\t<\/div>\n\t\t\t\t<\/div>\n\t\t\t\t\t\t<\/div>\n\t\t\t\t\t<\/div>\n\t\t<\/div>\n\t\t\t\t\t\t\t\t<\/div>\n\t\t\t\t\t<\/div>\n\t\t<\/section>\n\t\t\t\t<section class=\"elementor-section elementor-top-section elementor-element elementor-element-ee7aa7d elementor-section-full_width elementor-section-height-default elementor-section-height-default\" data-id=\"ee7aa7d\" data-element_type=\"section\">\n\t\t\t\t\t\t<div class=\"elementor-container elementor-column-gap-default\">\n\t\t\t\t\t\t\t<div class=\"elementor-row\">\n\t\t\t\t\t<div class=\"elementor-column elementor-col-100 elementor-top-column elementor-element elementor-element-313f098\" data-id=\"313f098\" data-element_type=\"column\">\n\t\t\t<div class=\"elementor-column-wrap elementor-element-populated\">\n\t\t\t\t\t\t\t<div class=\"elementor-widget-wrap\">\n\t\t\t\t\t\t<div class=\"elementor-element elementor-element-f6736fb elementor-widget__width-inherit elementor-widget elementor-widget-text-editor\" data-id=\"f6736fb\" data-element_type=\"widget\" data-widget_type=\"text-editor.default\">\n\t\t\t\t<div class=\"elementor-widget-container\">\n\t\t\t\t\t\t\t\t<div class=\"elementor-text-editor elementor-clearfix\">\n\t\t\t\t<p><span style=\"caret-color: #444444; color: #444444; font-family: -apple-system, BlinkMacSystemFont, 'Segoe UI', Roboto, Oxygen-Sans, Ubuntu, Cantarell, 'Helvetica Neue', sans-serif; font-size: 13px; background-color: #fefefe;\"><div style=\"display: none;\" class=\"crellyslider-slider crellyslider-slider-full-width crellyslider-slider-eksenimslider crellyslider-2\" id=\"crellyslider-2\">\n<ul>\n<li\nstyle=\"\nbackground-color: transparent;\nbackground-image: url('http:\/\/eksenimmedikal.com.tr\/wp-content\/uploads\/2020\/08\/Depositphotos_67945249_xl-2015-scaled.jpg');\nbackground-position: center center;\nbackground-repeat: no-repeat;\nbackground-size: cover;\n\n\"\ndata-in=\"fade\"\ndata-ease-in=\"300\"\ndata-out=\"fade\"\ndata-ease-out=\"300\"\ndata-time=\"3000\"\n>\n<div\nclass=\"\"\nstyle=\"z-index: 1;\n\n\"\ndata-delay=\"0\"\ndata-ease-in=\"300\"\ndata-ease-out=\"300\"\ndata-in=\"slideRight\"\ndata-out=\"fade\"\ndata-ignore-ease-out=\"0\"\ndata-top=\"112\"\ndata-left=\"593\"\ndata-time=\"all\"\n><span style=\"font-family: impact, sans-serif; color: #000000; font-size: 70px;\"><strong>Eksenim Medikal<\/strong><\/span><\/div>\n<div\nclass=\"\"\nstyle=\"z-index: 1;\n\n\"\ndata-delay=\"0\"\ndata-ease-in=\"300\"\ndata-ease-out=\"300\"\ndata-in=\"slideLeft\"\ndata-out=\"fade\"\ndata-ignore-ease-out=\"0\"\ndata-top=\"206\"\ndata-left=\"729\"\ndata-time=\"all\"\n><span style=\"font-family: impact, sans-serif; font-size: 43px;\"><strong>HO\u015eGELD\u0130N\u0130Z<\/strong><\/span><\/div>\n<\/li>\n<li\nstyle=\"\nbackground-color: transparent;\nbackground-image: url('http:\/\/eksenimmedikal.com.tr\/wp-content\/uploads\/2021\/04\/Minivi-Slider.jpg');\nbackground-position: center center;\nbackground-repeat: no-repeat;\nbackground-size: cover;\n\n\"\ndata-in=\"fade\"\ndata-ease-in=\"300\"\ndata-out=\"fade\"\ndata-ease-out=\"300\"\ndata-time=\"3000\"\n>\n<a class=\"cs-background-link\" target=\"_blank\" href=\"http:\/\/eksenimmedikal.com.tr\/index.php\/minivi\/\"><\/a><\/li>\n<li\nstyle=\"\nbackground-color: transparent;\nbackground-image: url('http:\/\/eksenimmedikal.com.tr\/wp-content\/uploads\/2020\/12\/Maske-Slider-copy.jpg');\nbackground-position: center center;\nbackground-repeat: no-repeat;\nbackground-size: cover;\n\n\"\ndata-in=\"fade\"\ndata-ease-in=\"300\"\ndata-out=\"fade\"\ndata-ease-out=\"300\"\ndata-time=\"3000\"\n>\n<a class=\"cs-background-link\" target=\"_blank\" href=\"http:\/\/eksenimmedikal.com.tr\/index.php\/bakir-maske\/\"><\/a><\/li>\n<li\nstyle=\"\nbackground-color: transparent;\nbackground-image: url('http:\/\/eksenimmedikal.com.tr\/wp-content\/uploads\/2020\/11\/Dreamviks-Slider.jpg');\nbackground-position: center center;\nbackground-repeat: no-repeat;\nbackground-size: cover;\n\n\"\ndata-in=\"fade\"\ndata-ease-in=\"300\"\ndata-out=\"fade\"\ndata-ease-out=\"300\"\ndata-time=\"3000\"\n>\n<a class=\"cs-background-link\" target=\"_blank\" href=\"http:\/\/eksenimmedikal.com.tr\/index.php\/kifoplasti\/\"><\/a><\/li>\n<li\nstyle=\"\nbackground-color: transparent;\nbackground-image: url('http:\/\/eksenimmedikal.com.tr\/wp-content\/uploads\/2020\/12\/Bakir-Film-Slider.jpg');\nbackground-position: center center;\nbackground-repeat: no-repeat;\nbackground-size: cover;\n\n\"\ndata-in=\"fade\"\ndata-ease-in=\"300\"\ndata-out=\"fade\"\ndata-ease-out=\"300\"\ndata-time=\"3000\"\n>\n<\/li>\n<\/ul>\n<\/div>\n<script type=\"text\/javascript\">\n(function($) {\n$(document).ready(function() {\n$(\"#crellyslider-2\").crellySlider({\nlayout: 'full-width',\nresponsive: 1,\nstartWidth: 1160,\nstartHeight: 500,\nautomaticSlide: 1,\nshowControls: 1,\nshowNavigation: 1,\nenableSwipe: 1,\nshowProgressBar: 1,\npauseOnHover: 1,\nrandomOrder: 0,\nstartFromSlide: 0,\nbeforeStart : function() {},\nbeforeSetResponsive : function() {},\nbeforeSlideStart : function() {},\nbeforePause\t: function() {},\nbeforeResume : function() {},\n});\n});\n})(jQuery);\n<\/script>\n<\/span><\/p>\t\t\t\t\t<\/div>\n\t\t\t\t\t\t<\/div>\n\t\t\t\t<\/div>\n\t\t\t\t\t\t<\/div>\n\t\t\t\t\t<\/div>\n\t\t<\/div>\n\t\t\t\t\t\t\t\t<\/div>\n\t\t\t\t\t<\/div>\n\t\t<\/section>\n\t\t\t\t<section class=\"elementor-section elementor-top-section elementor-element elementor-element-b766492 elementor-section-boxed elementor-section-height-default elementor-section-height-default\" data-id=\"b766492\" data-element_type=\"section\">\n\t\t\t\t\t\t<div class=\"elementor-container elementor-column-gap-default\">\n\t\t\t\t\t\t\t<div class=\"elementor-row\">\n\t\t\t\t\t<div class=\"elementor-column elementor-col-100 elementor-top-column elementor-element elementor-element-c995cab\" data-id=\"c995cab\" data-element_type=\"column\">\n\t\t\t<div class=\"elementor-column-wrap elementor-element-populated\">\n\t\t\t\t\t\t\t<div class=\"elementor-widget-wrap\">\n\t\t\t\t\t\t<div class=\"elementor-element elementor-element-6d1b684 elementor-widget elementor-widget-spacer\" data-id=\"6d1b684\" data-element_type=\"widget\" data-widget_type=\"spacer.default\">\n\t\t\t\t<div class=\"elementor-widget-container\">\n\t\t\t\t\t<div class=\"elementor-spacer\">\n\t\t\t<div class=\"elementor-spacer-inner\"><\/div>\n\t\t<\/div>\n\t\t\t\t<\/div>\n\t\t\t\t<\/div>\n\t\t\t\t\t\t<\/div>\n\t\t\t\t\t<\/div>\n\t\t<\/div>\n\t\t\t\t\t\t\t\t<\/div>\n\t\t\t\t\t<\/div>\n\t\t<\/section>\n\t\t\t\t<section class=\"elementor-section elementor-top-section elementor-element elementor-element-241acdd elementor-section-boxed elementor-section-height-default elementor-section-height-default\" data-id=\"241acdd\" data-element_type=\"section\">\n\t\t\t\t\t\t<div class=\"elementor-container elementor-column-gap-default\">\n\t\t\t\t\t\t\t<div class=\"elementor-row\">\n\t\t\t\t\t<div class=\"elementor-column elementor-col-100 elementor-top-column elementor-element elementor-element-51591de\" data-id=\"51591de\" data-element_type=\"column\">\n\t\t\t<div class=\"elementor-column-wrap elementor-element-populated\">\n\t\t\t\t\t\t\t<div class=\"elementor-widget-wrap\">\n\t\t\t\t\t\t<div class=\"elementor-element elementor-element-075901e elementor-invisible elementor-widget elementor-widget-heading\" data-id=\"075901e\" data-element_type=\"widget\" data-settings=\"{&quot;_animation&quot;:&quot;fadeIn&quot;}\" data-widget_type=\"heading.default\">\n\t\t\t\t<div class=\"elementor-widget-container\">\n\t\t\t<h3 class=\"elementor-heading-title elementor-size-default\">Yetkili Distribit\u00f6rl\u00fcklerimiz<\/h3>\t\t<\/div>\n\t\t\t\t<\/div>\n\t\t\t\t\t\t<\/div>\n\t\t\t\t\t<\/div>\n\t\t<\/div>\n\t\t\t\t\t\t\t\t<\/div>\n\t\t\t\t\t<\/div>\n\t\t<\/section>\n\t\t\t\t<section class=\"elementor-section elementor-top-section elementor-element elementor-element-c87748f elementor-section-boxed elementor-section-height-default elementor-section-height-default\" data-id=\"c87748f\" data-element_type=\"section\">\n\t\t\t\t\t\t<div class=\"elementor-container elementor-column-gap-default\">\n\t\t\t\t\t\t\t<div class=\"elementor-row\">\n\t\t\t\t\t<div class=\"elementor-column elementor-col-25 elementor-top-column elementor-element elementor-element-9cd29f8\" data-id=\"9cd29f8\" data-element_type=\"column\">\n\t\t\t<div class=\"elementor-column-wrap elementor-element-populated\">\n\t\t\t\t\t\t\t<div class=\"elementor-widget-wrap\">\n\t\t\t\t\t\t<div class=\"elementor-element elementor-element-a84df5e elementor-widget elementor-widget-image\" data-id=\"a84df5e\" data-element_type=\"widget\" data-widget_type=\"image.default\">\n\t\t\t\t<div class=\"elementor-widget-container\">\n\t\t\t\t\t\t\t\t<div class=\"elementor-image\">\n\t\t\t\t\t\t\t\t\t\t\t\t<img decoding=\"async\" width=\"704\" height=\"373\" src=\"http:\/\/eksenimmedikal.com.tr\/wp-content\/uploads\/2020\/11\/bolgetemsildreamvicks-copy.jpg\" class=\"attachment-large size-large wp-image-480\" alt=\"\" loading=\"lazy\" srcset=\"http:\/\/eksenimmedikal.com.tr\/wp-content\/uploads\/2020\/11\/bolgetemsildreamvicks-copy.jpg 704w, http:\/\/eksenimmedikal.com.tr\/wp-content\/uploads\/2020\/11\/bolgetemsildreamvicks-copy-300x159.jpg 300w, http:\/\/eksenimmedikal.com.tr\/wp-content\/uploads\/2020\/11\/bolgetemsildreamvicks-copy-500x265.jpg 500w\" sizes=\"(max-width: 704px) 100vw, 704px\" \/>\t\t\t\t\t\t\t\t\t\t\t\t\t\t<\/div>\n\t\t\t\t\t\t<\/div>\n\t\t\t\t<\/div>\n\t\t\t\t\t\t<\/div>\n\t\t\t\t\t<\/div>\n\t\t<\/div>\n\t\t\t\t<div class=\"elementor-column elementor-col-25 elementor-top-column elementor-element elementor-element-4abc87d\" data-id=\"4abc87d\" data-element_type=\"column\">\n\t\t\t<div class=\"elementor-column-wrap elementor-element-populated\">\n\t\t\t\t\t\t\t<div class=\"elementor-widget-wrap\">\n\t\t\t\t\t\t<div class=\"elementor-element elementor-element-6d3bc07 elementor-widget elementor-widget-image\" data-id=\"6d3bc07\" data-element_type=\"widget\" data-widget_type=\"image.default\">\n\t\t\t\t<div class=\"elementor-widget-container\">\n\t\t\t\t\t\t\t\t<div class=\"elementor-image\">\n\t\t\t\t\t\t\t\t\t\t\t\t<img decoding=\"async\" width=\"704\" height=\"373\" src=\"http:\/\/eksenimmedikal.com.tr\/wp-content\/uploads\/2020\/12\/copperinside.png\" class=\"attachment-large size-large wp-image-771\" alt=\"\" loading=\"lazy\" srcset=\"http:\/\/eksenimmedikal.com.tr\/wp-content\/uploads\/2020\/12\/copperinside.png 704w, http:\/\/eksenimmedikal.com.tr\/wp-content\/uploads\/2020\/12\/copperinside-300x159.png 300w, http:\/\/eksenimmedikal.com.tr\/wp-content\/uploads\/2020\/12\/copperinside-500x265.png 500w\" sizes=\"(max-width: 704px) 100vw, 704px\" \/>\t\t\t\t\t\t\t\t\t\t\t\t\t\t<\/div>\n\t\t\t\t\t\t<\/div>\n\t\t\t\t<\/div>\n\t\t\t\t\t\t<\/div>\n\t\t\t\t\t<\/div>\n\t\t<\/div>\n\t\t\t\t<div class=\"elementor-column elementor-col-25 elementor-top-column elementor-element elementor-element-4a91d71\" data-id=\"4a91d71\" data-element_type=\"column\">\n\t\t\t<div class=\"elementor-column-wrap elementor-element-populated\">\n\t\t\t\t\t\t\t<div class=\"elementor-widget-wrap\">\n\t\t\t\t\t\t<div class=\"elementor-element elementor-element-d4ba6d7 elementor-widget elementor-widget-image\" data-id=\"d4ba6d7\" data-element_type=\"widget\" data-widget_type=\"image.default\">\n\t\t\t\t<div class=\"elementor-widget-container\">\n\t\t\t\t\t\t\t\t<div class=\"elementor-image\">\n\t\t\t\t\t\t\t\t\t\t\t\t<img decoding=\"async\" width=\"704\" height=\"373\" src=\"http:\/\/eksenimmedikal.com.tr\/wp-content\/uploads\/2020\/11\/bolgetemsilcilikleridrcu.jpg\" class=\"attachment-large size-large wp-image-481\" alt=\"\" loading=\"lazy\" srcset=\"http:\/\/eksenimmedikal.com.tr\/wp-content\/uploads\/2020\/11\/bolgetemsilcilikleridrcu.jpg 704w, http:\/\/eksenimmedikal.com.tr\/wp-content\/uploads\/2020\/11\/bolgetemsilcilikleridrcu-300x159.jpg 300w, http:\/\/eksenimmedikal.com.tr\/wp-content\/uploads\/2020\/11\/bolgetemsilcilikleridrcu-500x265.jpg 500w\" sizes=\"(max-width: 704px) 100vw, 704px\" \/>\t\t\t\t\t\t\t\t\t\t\t\t\t\t<\/div>\n\t\t\t\t\t\t<\/div>\n\t\t\t\t<\/div>\n\t\t\t\t\t\t<\/div>\n\t\t\t\t\t<\/div>\n\t\t<\/div>\n\t\t\t\t<div class=\"elementor-column elementor-col-25 elementor-top-column elementor-element elementor-element-f61d192\" data-id=\"f61d192\" data-element_type=\"column\">\n\t\t\t<div class=\"elementor-column-wrap elementor-element-populated\">\n\t\t\t\t\t\t\t<div class=\"elementor-widget-wrap\">\n\t\t\t\t\t\t<div class=\"elementor-element elementor-element-3032502 elementor-widget elementor-widget-image\" data-id=\"3032502\" data-element_type=\"widget\" data-widget_type=\"image.default\">\n\t\t\t\t<div class=\"elementor-widget-container\">\n\t\t\t\t\t\t\t\t<div class=\"elementor-image\">\n\t\t\t\t\t\t\t\t\t\t\t\t<img decoding=\"async\" width=\"704\" height=\"373\" src=\"http:\/\/eksenimmedikal.com.tr\/wp-content\/uploads\/2021\/04\/CleanCu-bolge.jpg\" class=\"attachment-large size-large wp-image-941\" alt=\"\" loading=\"lazy\" srcset=\"http:\/\/eksenimmedikal.com.tr\/wp-content\/uploads\/2021\/04\/CleanCu-bolge.jpg 704w, http:\/\/eksenimmedikal.com.tr\/wp-content\/uploads\/2021\/04\/CleanCu-bolge-300x159.jpg 300w, http:\/\/eksenimmedikal.com.tr\/wp-content\/uploads\/2021\/04\/CleanCu-bolge-500x265.jpg 500w\" sizes=\"(max-width: 704px) 100vw, 704px\" \/>\t\t\t\t\t\t\t\t\t\t\t\t\t\t<\/div>\n\t\t\t\t\t\t<\/div>\n\t\t\t\t<\/div>\n\t\t\t\t\t\t<\/div>\n\t\t\t\t\t<\/div>\n\t\t<\/div>\n\t\t\t\t\t\t\t\t<\/div>\n\t\t\t\t\t<\/div>\n\t\t<\/section>\n\t\t\t\t<section class=\"elementor-section elementor-top-section elementor-element elementor-element-15b61c8 elementor-section-boxed elementor-section-height-default elementor-section-height-default\" data-id=\"15b61c8\" data-element_type=\"section\">\n\t\t\t\t\t\t<div class=\"elementor-container elementor-column-gap-default\">\n\t\t\t\t\t\t\t<div class=\"elementor-row\">\n\t\t\t\t\t<div class=\"elementor-column elementor-col-100 elementor-top-column elementor-element elementor-element-fdab6dc\" data-id=\"fdab6dc\" data-element_type=\"column\">\n\t\t\t<div class=\"elementor-column-wrap elementor-element-populated\">\n\t\t\t\t\t\t\t<div class=\"elementor-widget-wrap\">\n\t\t\t\t\t\t<div class=\"elementor-element elementor-element-0791e70 elementor-invisible elementor-widget elementor-widget-heading\" data-id=\"0791e70\" data-element_type=\"widget\" data-settings=\"{&quot;_animation&quot;:&quot;fadeIn&quot;}\" data-widget_type=\"heading.default\">\n\t\t\t\t<div class=\"elementor-widget-container\">\n\t\t\t<h3 class=\"elementor-heading-title elementor-size-default\">\u00d6nemli Sayfalar<\/h3>\t\t<\/div>\n\t\t\t\t<\/div>\n\t\t\t\t\t\t<\/div>\n\t\t\t\t\t<\/div>\n\t\t<\/div>\n\t\t\t\t\t\t\t\t<\/div>\n\t\t\t\t\t<\/div>\n\t\t<\/section>\n\t\t\t\t<section class=\"elementor-section elementor-top-section elementor-element elementor-element-c68df78 elementor-section-boxed elementor-section-height-default elementor-section-height-default\" data-id=\"c68df78\" data-element_type=\"section\">\n\t\t\t\t\t\t<div class=\"elementor-container elementor-column-gap-default\">\n\t\t\t\t\t\t\t<div class=\"elementor-row\">\n\t\t\t\t\t<div class=\"elementor-column elementor-col-25 elementor-top-column elementor-element elementor-element-eae06eb\" data-id=\"eae06eb\" data-element_type=\"column\">\n\t\t\t<div class=\"elementor-column-wrap elementor-element-populated\">\n\t\t\t\t\t\t\t<div class=\"elementor-widget-wrap\">\n\t\t\t\t\t\t<div class=\"elementor-element elementor-element-908830d elementor-invisible elementor-widget elementor-widget-image\" data-id=\"908830d\" data-element_type=\"widget\" data-settings=\"{&quot;_animation&quot;:&quot;fadeInDown&quot;}\" data-widget_type=\"image.default\">\n\t\t\t\t<div class=\"elementor-widget-container\">\n\t\t\t\t\t\t\t\t<div class=\"elementor-image\">\n\t\t\t\t\t\t\t\t\t\t\t\t<img decoding=\"async\" width=\"300\" height=\"181\" src=\"http:\/\/eksenimmedikal.com.tr\/wp-content\/uploads\/2020\/11\/sgklogo-copy-300x181.jpg\" class=\"attachment-medium size-medium wp-image-461\" alt=\"\" loading=\"lazy\" srcset=\"http:\/\/eksenimmedikal.com.tr\/wp-content\/uploads\/2020\/11\/sgklogo-copy-300x181.jpg 300w, http:\/\/eksenimmedikal.com.tr\/wp-content\/uploads\/2020\/11\/sgklogo-copy-500x302.jpg 500w, http:\/\/eksenimmedikal.com.tr\/wp-content\/uploads\/2020\/11\/sgklogo-copy.jpg 704w\" sizes=\"(max-width: 300px) 100vw, 300px\" \/>\t\t\t\t\t\t\t\t\t\t\t\t\t\t<\/div>\n\t\t\t\t\t\t<\/div>\n\t\t\t\t<\/div>\n\t\t\t\t\t\t<\/div>\n\t\t\t\t\t<\/div>\n\t\t<\/div>\n\t\t\t\t<div class=\"elementor-column elementor-col-25 elementor-top-column elementor-element elementor-element-e4648ec\" data-id=\"e4648ec\" data-element_type=\"column\">\n\t\t\t<div class=\"elementor-column-wrap elementor-element-populated\">\n\t\t\t\t\t\t\t<div class=\"elementor-widget-wrap\">\n\t\t\t\t\t\t<div class=\"elementor-element elementor-element-0677fa5 elementor-invisible elementor-widget elementor-widget-image\" data-id=\"0677fa5\" data-element_type=\"widget\" data-settings=\"{&quot;_animation&quot;:&quot;fadeInDown&quot;}\" data-widget_type=\"image.default\">\n\t\t\t\t<div class=\"elementor-widget-container\">\n\t\t\t\t\t\t\t\t<div class=\"elementor-image\">\n\t\t\t\t\t\t\t\t\t\t\t\t<img decoding=\"async\" width=\"704\" height=\"425\" src=\"http:\/\/eksenimmedikal.com.tr\/wp-content\/uploads\/2020\/11\/saglikbakanligi.jpg\" class=\"attachment-large size-large wp-image-467\" alt=\"\" loading=\"lazy\" srcset=\"http:\/\/eksenimmedikal.com.tr\/wp-content\/uploads\/2020\/11\/saglikbakanligi.jpg 704w, http:\/\/eksenimmedikal.com.tr\/wp-content\/uploads\/2020\/11\/saglikbakanligi-300x181.jpg 300w, http:\/\/eksenimmedikal.com.tr\/wp-content\/uploads\/2020\/11\/saglikbakanligi-500x302.jpg 500w\" sizes=\"(max-width: 704px) 100vw, 704px\" \/>\t\t\t\t\t\t\t\t\t\t\t\t\t\t<\/div>\n\t\t\t\t\t\t<\/div>\n\t\t\t\t<\/div>\n\t\t\t\t\t\t<\/div>\n\t\t\t\t\t<\/div>\n\t\t<\/div>\n\t\t\t\t<div class=\"elementor-column elementor-col-25 elementor-top-column elementor-element elementor-element-28574d4\" data-id=\"28574d4\" data-element_type=\"column\">\n\t\t\t<div class=\"elementor-column-wrap elementor-element-populated\">\n\t\t\t\t\t\t\t<div class=\"elementor-widget-wrap\">\n\t\t\t\t\t\t<div class=\"elementor-element elementor-element-0ab54f3 elementor-invisible elementor-widget elementor-widget-image\" data-id=\"0ab54f3\" data-element_type=\"widget\" data-settings=\"{&quot;_animation&quot;:&quot;fadeInDown&quot;}\" data-widget_type=\"image.default\">\n\t\t\t\t<div class=\"elementor-widget-container\">\n\t\t\t\t\t\t\t\t<div class=\"elementor-image\">\n\t\t\t\t\t\t\t\t\t\t\t\t<img decoding=\"async\" width=\"704\" height=\"425\" src=\"http:\/\/eksenimmedikal.com.tr\/wp-content\/uploads\/2020\/11\/tibbicihazkurumu.jpg\" class=\"attachment-large size-large wp-image-465\" alt=\"\" loading=\"lazy\" srcset=\"http:\/\/eksenimmedikal.com.tr\/wp-content\/uploads\/2020\/11\/tibbicihazkurumu.jpg 704w, http:\/\/eksenimmedikal.com.tr\/wp-content\/uploads\/2020\/11\/tibbicihazkurumu-300x181.jpg 300w, http:\/\/eksenimmedikal.com.tr\/wp-content\/uploads\/2020\/11\/tibbicihazkurumu-500x302.jpg 500w\" sizes=\"(max-width: 704px) 100vw, 704px\" \/>\t\t\t\t\t\t\t\t\t\t\t\t\t\t<\/div>\n\t\t\t\t\t\t<\/div>\n\t\t\t\t<\/div>\n\t\t\t\t\t\t<\/div>\n\t\t\t\t\t<\/div>\n\t\t<\/div>\n\t\t\t\t<div class=\"elementor-column elementor-col-25 elementor-top-column elementor-element elementor-element-e34909b\" data-id=\"e34909b\" data-element_type=\"column\">\n\t\t\t<div class=\"elementor-column-wrap elementor-element-populated\">\n\t\t\t\t\t\t\t<div class=\"elementor-widget-wrap\">\n\t\t\t\t\t\t<div class=\"elementor-element elementor-element-59d6689 elementor-invisible elementor-widget elementor-widget-image\" data-id=\"59d6689\" data-element_type=\"widget\" data-settings=\"{&quot;_animation&quot;:&quot;fadeInDown&quot;}\" data-widget_type=\"image.default\">\n\t\t\t\t<div class=\"elementor-widget-container\">\n\t\t\t\t\t\t\t\t<div class=\"elementor-image\">\n\t\t\t\t\t\t\t\t\t\t\t\t<img decoding=\"async\" width=\"704\" height=\"425\" src=\"http:\/\/eksenimmedikal.com.tr\/wp-content\/uploads\/2020\/11\/merkezbankasi.jpg\" class=\"attachment-large size-large wp-image-474\" alt=\"\" loading=\"lazy\" srcset=\"http:\/\/eksenimmedikal.com.tr\/wp-content\/uploads\/2020\/11\/merkezbankasi.jpg 704w, http:\/\/eksenimmedikal.com.tr\/wp-content\/uploads\/2020\/11\/merkezbankasi-300x181.jpg 300w, http:\/\/eksenimmedikal.com.tr\/wp-content\/uploads\/2020\/11\/merkezbankasi-500x302.jpg 500w\" sizes=\"(max-width: 704px) 100vw, 704px\" \/>\t\t\t\t\t\t\t\t\t\t\t\t\t\t<\/div>\n\t\t\t\t\t\t<\/div>\n\t\t\t\t<\/div>\n\t\t\t\t\t\t<\/div>\n\t\t\t\t\t<\/div>\n\t\t<\/div>\n\t\t\t\t\t\t\t\t<\/div>\n\t\t\t\t\t<\/div>\n\t\t<\/section>\n\t\t\t\t<section class=\"elementor-section elementor-top-section elementor-element elementor-element-4fab695 elementor-section-boxed elementor-section-height-default elementor-section-height-default\" data-id=\"4fab695\" data-element_type=\"section\">\n\t\t\t\t\t\t<div class=\"elementor-container elementor-column-gap-default\">\n\t\t\t\t\t\t\t<div class=\"elementor-row\">\n\t\t\t\t\t<div class=\"elementor-column elementor-col-100 elementor-top-column elementor-element elementor-element-41e6442\" data-id=\"41e6442\" data-element_type=\"column\">\n\t\t\t<div class=\"elementor-column-wrap elementor-element-populated\">\n\t\t\t\t\t\t\t<div class=\"elementor-widget-wrap\">\n\t\t\t\t\t\t<div class=\"elementor-element elementor-element-2ea0ba2 elementor-shape-rounded elementor-grid-0 e-grid-align-center elementor-invisible elementor-widget elementor-widget-social-icons\" data-id=\"2ea0ba2\" data-element_type=\"widget\" data-settings=\"{&quot;_animation&quot;:&quot;fadeInDown&quot;}\" data-widget_type=\"social-icons.default\">\n\t\t\t\t<div class=\"elementor-widget-container\">\n\t\t\t\t\t<div class=\"elementor-social-icons-wrapper elementor-grid\">\n\t\t\t\t\t\t\t<span class=\"elementor-grid-item\">\n\t\t\t\t\t<a class=\"elementor-icon elementor-social-icon elementor-social-icon-facebook elementor-animation-pop elementor-repeater-item-e0a25df\" target=\"_blank\">\n\t\t\t\t\t\t<span class=\"elementor-screen-only\">Facebook<\/span>\n\t\t\t\t\t\t<i class=\"fab fa-facebook\"><\/i>\t\t\t\t\t<\/a>\n\t\t\t\t<\/span>\n\t\t\t\t\t\t\t<span class=\"elementor-grid-item\">\n\t\t\t\t\t<a class=\"elementor-icon elementor-social-icon elementor-social-icon-twitter elementor-animation-pop elementor-repeater-item-191a085\" target=\"_blank\">\n\t\t\t\t\t\t<span class=\"elementor-screen-only\">Twitter<\/span>\n\t\t\t\t\t\t<i class=\"fab fa-twitter\"><\/i>\t\t\t\t\t<\/a>\n\t\t\t\t<\/span>\n\t\t\t\t\t\t\t<span class=\"elementor-grid-item\">\n\t\t\t\t\t<a class=\"elementor-icon elementor-social-icon elementor-social-icon-youtube elementor-animation-pop elementor-repeater-item-28e221e\" target=\"_blank\">\n\t\t\t\t\t\t<span class=\"elementor-screen-only\">Youtube<\/span>\n\t\t\t\t\t\t<i class=\"fab fa-youtube\"><\/i>\t\t\t\t\t<\/a>\n\t\t\t\t<\/span>\n\t\t\t\t\t\t\t<span class=\"elementor-grid-item\">\n\t\t\t\t\t<a class=\"elementor-icon elementor-social-icon elementor-social-icon-instagram elementor-animation-pop elementor-repeater-item-12ca252\" target=\"_blank\">\n\t\t\t\t\t\t<span class=\"elementor-screen-only\">Instagram<\/span>\n\t\t\t\t\t\t<i class=\"fab fa-instagram\"><\/i>\t\t\t\t\t<\/a>\n\t\t\t\t<\/span>\n\t\t\t\t\t\t\t<span class=\"elementor-grid-item\">\n\t\t\t\t\t<a class=\"elementor-icon elementor-social-icon elementor-social-icon-linkedin elementor-animation-pop elementor-repeater-item-2d3c6d1\" target=\"_blank\">\n\t\t\t\t\t\t<span class=\"elementor-screen-only\">Linkedin<\/span>\n\t\t\t\t\t\t<i class=\"fab fa-linkedin\"><\/i>\t\t\t\t\t<\/a>\n\t\t\t\t<\/span>\n\t\t\t\t\t<\/div>\n\t\t\t\t<\/div>\n\t\t\t\t<\/div>\n\t\t\t\t\t\t<\/div>\n\t\t\t\t\t<\/div>\n\t\t<\/div>\n\t\t\t\t\t\t\t\t<\/div>\n\t\t\t\t\t<\/div>\n\t\t<\/section>\n\t\t\t\t\t\t\t\t\t<\/div>\n\t\t\t<\/div>\n\t\t\t\t\t<\/div>\n\t\t","protected":false},"excerpt":{"rendered":"<p class=\"excerpt\">Yetkili Distribit\u00f6rl\u00fcklerimiz \u00d6nemli Sayfalar Facebook Twitter Youtube Instagram Linkedin<\/p>\n","protected":false},"author":1,"featured_media":0,"parent":0,"menu_order":0,"comment_status":"closed","ping_status":"closed","template":"template-blank.php","meta":{"_vp_format_video_url":"","_vp_image_focal_point":[]},"_links":{"self":[{"href":"http:\/\/eksenimmedikal.com.tr\/index.php\/wp-json\/wp\/v2\/pages\/8"}],"collection":[{"href":"http:\/\/eksenimmedikal.com.tr\/index.php\/wp-json\/wp\/v2\/pages"}],"about":[{"href":"http:\/\/eksenimmedikal.com.tr\/index.php\/wp-json\/wp\/v2\/types\/page"}],"author":[{"embeddable":true,"href":"http:\/\/eksenimmedikal.com.tr\/index.php\/wp-json\/wp\/v2\/users\/1"}],"replies":[{"embeddable":true,"href":"http:\/\/eksenimmedikal.com.tr\/index.php\/wp-json\/wp\/v2\/comments?post=8"}],"version-history":[{"count":183,"href":"http:\/\/eksenimmedikal.com.tr\/index.php\/wp-json\/wp\/v2\/pages\/8\/revisions"}],"predecessor-version":[{"id":945,"href":"http:\/\/eksenimmedikal.com.tr\/index.php\/wp-json\/wp\/v2\/pages\/8\/revisions\/945"}],"wp:attachment":[{"href":"http:\/\/eksenimmedikal.com.tr\/index.php\/wp-json\/wp\/v2\/media?parent=8"}],"curies":[{"name":"wp","href":"https:\/\/api.w.org\/{rel}","templated":true}]}}